{"id":110,"date":"2015-01-25T00:16:32","date_gmt":"2015-01-24T23:16:32","guid":{"rendered":"http:\/\/totaltheme.wpengine.com\/construct\/?page_id=2"},"modified":"2019-07-09T16:46:13","modified_gmt":"2019-07-09T14:46:13","slug":"home-2","status":"publish","type":"page","link":"https:\/\/aquafuite.com\/","title":{"rendered":"ACCUEIL"},"content":{"rendered":"<div class=\"wpb-content-wrapper\">[vc_row full_width=\u00a0\u00bbstretch_row\u00a0\u00bb parallax=\u00a0\u00bbcontent-moving\u00a0\u00bb typography_style=\u00a0\u00bblight\u00a0\u00bb wpex_bg_overlay=\u00a0\u00bbcolor\u00a0\u00bb bg_style=\u00a0\u00bbstretch\u00a0\u00bb css=\u00a0\u00bb.vc_custom_1562524577093{padding-top: 130px !important;padding-bottom: 100px !important;background: #0a0a0a url(https:\/\/aquafuite.com\/wp-content\/uploads\/2019\/07\/mise-en-eau-1600&#215;1200.jpg?id=223);}\u00a0\u00bb wpex_bg_overlay_opacity=\u00a0\u00bb0.5&Prime;][vc_column]<style>.vcex-heading.vcex_69fdd21560800{color:#ffffff;font-size:36px;}<\/style><h1 class=\"vcex-heading vcex-heading-plain vcex-module wpex-heading wpex-text-2xl wpex-text-center vcex_69fdd21560800\"><span class=\"vcex-heading-inner wpex-inline-block\">NOTRE SAVOIR FAIRE AU SERVICE DE VOS BESOINS !<\/span><\/h1><div class=\"vcex-spacing wpex-w-100 wpex-clear\"><\/div>[vc_column_text color=\u00a0\u00bb#ffffff\u00a0\u00bb font_size=\u00a0\u00bb21px\u00a0\u00bb]\n<p style=\"text-align: center;\">Que vous soyez particulier, syndic de copropri\u00e9t\u00e9s, collectivit\u00e9, plombier, industriel, professionnel du b\u00e2timent ou des services publics, Aquafuite paca\u00a0intervient sur tous les r\u00e9seaux apparents, enterr\u00e9s ou encastr\u00e9s(eau potable, piscine, arrosage, circuit chauffage, r\u00e9seau urbain\u2026), gaines techniques, infiltration sur toiture, terrasse, fa\u00e7ade ou fen\u00eatres, colonne, conduites d\u2019alimentation et d\u2019\u00e9vacuation&#8230;<\/p>\n[\/vc_column_text]<div class=\"vcex-spacing wpex-w-100 wpex-clear\"><\/div><style>.vcex-button.vcex_69fdd215615cf{background:#ffb700;font-size:16px;}.vcex-button.vcex_69fdd215615cf:hover{background:#ffc32d!important;color:#000000!important;}<\/style><div class=\"theme-button-wrap textcenter wpex-clr\"><a href=\"https:\/\/aquafuite.com\/\" class=\"vcex-button theme-button flat align-center inline vcex_69fdd215615cf\" title=\"Learn More\" target=\"_blank\" rel=\"nofollow noopener noreferrer\"><span class=\"vcex-button-inner theme-button-inner wpex-flex wpex-flex-wrap wpex-items-center wpex-justify-center\">CONTACTEZ-NOUS<span class=\"vcex-button-icon vcex-icon-wrap theme-button-icon-right\"><span class=\"wpex-icon wpex-icon--bidi\" aria-hidden=\"true\"><svg xmlns=\"http:\/\/www.w3.org\/2000\/svg\" viewBox=\"0 0 320 512\"><path d=\"M310.6 233.4c12.5 12.5 12.5 32.8 0 45.3l-192 192c-12.5 12.5-32.8 12.5-45.3 0s-12.5-32.8 0-45.3L242.7 256 73.4 86.6c-12.5-12.5-12.5-32.8 0-45.3s32.8-12.5 45.3 0l192 192z\"\/><\/svg><\/span><\/span><\/span><\/a><\/div> [\/vc_column][\/vc_row][vc_row full_width=\u00a0\u00bbstretch_row\u00a0\u00bb column_spacing=\u00a0\u00bb0px\u00a0\u00bb css=\u00a0\u00bb.vc_custom_1489611220024{padding-top: 40px !important;padding-bottom: 40px !important;background-color: #ffb700 !important;}\u00a0\u00bb][vc_column][vc_column_text color=\u00a0\u00bb#ffffff\u00a0\u00bb font_size=\u00a0\u00bb21&Prime;]\n<p style=\"text-align: center;\">Une \u00e9quipe d\u2019expert en recherche de fuite est disponible pour les urgences 24\/24 heures 5\u00a0jours par semaine, pour r\u00e9pondre \u00e0 l\u2019ensemble de vos probl\u00e8mes. Rapidement et avec comp\u00e9tence !<\/p>\n[\/vc_column_text][\/vc_column][\/vc_row][vc_row css=\u00a0\u00bb.vc_custom_1460667407935{padding-top: 80px !important;padding-bottom: 50px !important;}\u00a0\u00bb][vc_column width=\u00a0\u00bb1\/3&Prime;]<style>.vcex-icon-box.vcex_69fdd21561d5f .vcex-icon-box-heading{font-weight:400;text-transform:uppercase;}.vcex-icon-box.vcex_69fdd21561d5f .vcex-icon-box-icon{font-size:40px;color:#222222;}<\/style><div class=\"vcex-module vcex-icon-box vcex-icon-box-two wpex-block wpex-text-center vcex_69fdd21561d5f\"><div class=\"vcex-icon-box-symbol vcex-icon-box-symbol--icon wpex-mb-20\"><div class=\"vcex-icon-box-icon wpex-items-center wpex-justify-center wpex-child-inherit-color wpex-text-center wpex-leading-none wpex-inline-flex wpex-text-1\"><span class=\"wpex-flex wpex-icon\" aria-hidden=\"true\"><svg xmlns=\"http:\/\/www.w3.org\/2000\/svg\" viewBox=\"0 0 640 512\"><path d=\"M144 0a80 80 0 1 1 0 160A80 80 0 1 1 144 0zM512 0a80 80 0 1 1 0 160A80 80 0 1 1 512 0zM0 298.7C0 239.8 47.8 192 106.7 192h42.7c15.9 0 31 3.5 44.6 9.7c-1.3 7.2-1.9 14.7-1.9 22.3c0 38.2 16.8 72.5 43.3 96c-.2 0-.4 0-.7 0H21.3C9.6 320 0 310.4 0 298.7zM405.3 320c-.2 0-.4 0-.7 0c26.6-23.5 43.3-57.8 43.3-96c0-7.6-.7-15-1.9-22.3c13.6-6.3 28.7-9.7 44.6-9.7h42.7C592.2 192 640 239.8 640 298.7c0 11.8-9.6 21.3-21.3 21.3H405.3zM224 224a96 96 0 1 1 192 0 96 96 0 1 1 -192 0zM128 485.3C128 411.7 187.7 352 261.3 352H378.7C452.3 352 512 411.7 512 485.3c0 14.7-11.9 26.7-26.7 26.7H154.7c-14.7 0-26.7-11.9-26.7-26.7z\"\/><\/svg><\/span><\/div><\/div><div class=\"vcex-icon-box-text\"><h2 class=\"vcex-icon-box-heading wpex-heading wpex-text-md wpex-mb-10\">PERSONNELS HAUTEMENT QUALIFI\u00c9S<\/h2><div class=\"vcex-icon-box-content wpex-last-mb-0 wpex-clr\"><p>Nous n\u2019engageons que les meilleurs dans l\u2019entreprise, afin que vous puissiez vous assurer que vous travaillez avec un personnel toujours \u00e0 la pointe de la technologie avec une formation continu tout au long de l\u2019ann\u00e9e.<\/p>\n<\/div><\/div><\/div>[\/vc_column][vc_column width=\u00a0\u00bb1\/3&Prime;]<style>.vcex-icon-box.vcex_69fdd21562387 .vcex-icon-box-heading{font-weight:400;text-transform:uppercase;}.vcex-icon-box.vcex_69fdd21562387 .vcex-icon-box-icon{font-size:40px;color:#222222;}<\/style><div class=\"vcex-module vcex-icon-box vcex-icon-box-two wpex-block wpex-text-center vcex_69fdd21562387\"><div class=\"vcex-icon-box-symbol vcex-icon-box-symbol--icon wpex-mb-20\"><div class=\"vcex-icon-box-icon wpex-items-center wpex-justify-center wpex-child-inherit-color wpex-text-center wpex-leading-none wpex-inline-flex wpex-text-1\"><span class=\"wpex-flex wpex-icon\" aria-hidden=\"true\"><svg xmlns=\"http:\/\/www.w3.org\/2000\/svg\" viewBox=\"0 0 576 512\"><path d=\"M290.8 48.6l78.4 29.7L288 109.5 206.8 78.3l78.4-29.7c1.8-.7 3.8-.7 5.7 0zM136 92.5V204.7c-1.3 .4-2.6 .8-3.9 1.3l-96 36.4C14.4 250.6 0 271.5 0 294.7V413.9c0 22.2 13.1 42.3 33.5 51.3l96 42.2c14.4 6.3 30.7 6.3 45.1 0L288 457.5l113.5 49.9c14.4 6.3 30.7 6.3 45.1 0l96-42.2c20.3-8.9 33.5-29.1 33.5-51.3V294.7c0-23.3-14.4-44.1-36.1-52.4l-96-36.4c-1.3-.5-2.6-.9-3.9-1.3V92.5c0-23.3-14.4-44.1-36.1-52.4l-96-36.4c-12.8-4.8-26.9-4.8-39.7 0l-96 36.4C150.4 48.4 136 69.3 136 92.5zM392 210.6l-82.4 31.2V152.6L392 121v89.6zM154.8 250.9l78.4 29.7L152 311.7 70.8 280.6l78.4-29.7c1.8-.7 3.8-.7 5.7 0zm18.8 204.4V354.8L256 323.2v95.9l-82.4 36.2zM421.2 250.9c1.8-.7 3.8-.7 5.7 0l78.4 29.7L424 311.7l-81.2-31.1 78.4-29.7zM523.2 421.2l-77.6 34.1V354.8L528 323.2v90.7c0 3.2-1.9 6-4.8 7.3z\"\/><\/svg><\/span><\/div><\/div><div class=\"vcex-icon-box-text\"><h2 class=\"vcex-icon-box-heading wpex-heading wpex-text-md wpex-mb-10\">PERSONNELS HAUTEMENT QUALIFI\u00c9S<\/h2><div class=\"vcex-icon-box-content wpex-last-mb-0 wpex-clr\"><p>Nous investissons continuellement dans de l\u2019outillage de pointe, mais aussi dans la formation afin de s\u2019adapter au mieux \u00e0 l\u2019environnement qui nous entoure est qui est en perp\u00e9tuelle \u00e9volution !<\/p>\n<\/div><\/div><\/div>[\/vc_column][vc_column width=\u00a0\u00bb1\/3&Prime;]<style>.vcex-icon-box.vcex_69fdd2156288c .vcex-icon-box-heading{font-weight:400;text-transform:uppercase;}.vcex-icon-box.vcex_69fdd2156288c .vcex-icon-box-icon{font-size:40px;color:#222222;}<\/style><div class=\"vcex-module vcex-icon-box vcex-icon-box-two wpex-block wpex-text-center vcex_69fdd2156288c\"><div class=\"vcex-icon-box-symbol vcex-icon-box-symbol--icon wpex-mb-20\"><div class=\"vcex-icon-box-icon wpex-items-center wpex-justify-center wpex-child-inherit-color wpex-text-center wpex-leading-none wpex-inline-flex wpex-text-1\"><span class=\"wpex-flex wpex-icon\" aria-hidden=\"true\"><svg xmlns=\"http:\/\/www.w3.org\/2000\/svg\" viewBox=\"0 0 640 512\"><path d=\"M308.5 135.3c7.1-6.3 9.9-16.2 6.2-25c-2.3-5.3-4.8-10.5-7.6-15.5L304 89.4c-3-5-6.3-9.9-9.8-14.6c-5.7-7.6-15.7-10.1-24.7-7.1l-28.2 9.3c-10.7-8.8-23-16-36.2-20.9L199 27.1c-1.9-9.3-9.1-16.7-18.5-17.8C173.9 8.4 167.2 8 160.4 8h-.7c-6.8 0-13.5 .4-20.1 1.2c-9.4 1.1-16.6 8.6-18.5 17.8L115 56.1c-13.3 5-25.5 12.1-36.2 20.9L50.5 67.8c-9-3-19-.5-24.7 7.1c-3.5 4.7-6.8 9.6-9.9 14.6l-3 5.3c-2.8 5-5.3 10.2-7.6 15.6c-3.7 8.7-.9 18.6 6.2 25l22.2 19.8C32.6 161.9 32 168.9 32 176s.6 14.1 1.7 20.9L11.5 216.7c-7.1 6.3-9.9 16.2-6.2 25c2.3 5.3 4.8 10.5 7.6 15.6l3 5.2c3 5.1 6.3 9.9 9.9 14.6c5.7 7.6 15.7 10.1 24.7 7.1l28.2-9.3c10.7 8.8 23 16 36.2 20.9l6.1 29.1c1.9 9.3 9.1 16.7 18.5 17.8c6.7 .8 13.5 1.2 20.4 1.2s13.7-.4 20.4-1.2c9.4-1.1 16.6-8.6 18.5-17.8l6.1-29.1c13.3-5 25.5-12.1 36.2-20.9l28.2 9.3c9 3 19 .5 24.7-7.1c3.5-4.7 6.8-9.5 9.8-14.6l3.1-5.4c2.8-5 5.3-10.2 7.6-15.5c3.7-8.7 .9-18.6-6.2-25l-22.2-19.8c1.1-6.8 1.7-13.8 1.7-20.9s-.6-14.1-1.7-20.9l22.2-19.8zM112 176a48 48 0 1 1 96 0 48 48 0 1 1 -96 0zM504.7 500.5c6.3 7.1 16.2 9.9 25 6.2c5.3-2.3 10.5-4.8 15.5-7.6l5.4-3.1c5-3 9.9-6.3 14.6-9.8c7.6-5.7 10.1-15.7 7.1-24.7l-9.3-28.2c8.8-10.7 16-23 20.9-36.2l29.1-6.1c9.3-1.9 16.7-9.1 17.8-18.5c.8-6.7 1.2-13.5 1.2-20.4s-.4-13.7-1.2-20.4c-1.1-9.4-8.6-16.6-17.8-18.5L583.9 307c-5-13.3-12.1-25.5-20.9-36.2l9.3-28.2c3-9 .5-19-7.1-24.7c-4.7-3.5-9.6-6.8-14.6-9.9l-5.3-3c-5-2.8-10.2-5.3-15.6-7.6c-8.7-3.7-18.6-.9-25 6.2l-19.8 22.2c-6.8-1.1-13.8-1.7-20.9-1.7s-14.1 .6-20.9 1.7l-19.8-22.2c-6.3-7.1-16.2-9.9-25-6.2c-5.3 2.3-10.5 4.8-15.6 7.6l-5.2 3c-5.1 3-9.9 6.3-14.6 9.9c-7.6 5.7-10.1 15.7-7.1 24.7l9.3 28.2c-8.8 10.7-16 23-20.9 36.2L315.1 313c-9.3 1.9-16.7 9.1-17.8 18.5c-.8 6.7-1.2 13.5-1.2 20.4s.4 13.7 1.2 20.4c1.1 9.4 8.6 16.6 17.8 18.5l29.1 6.1c5 13.3 12.1 25.5 20.9 36.2l-9.3 28.2c-3 9-.5 19 7.1 24.7c4.7 3.5 9.5 6.8 14.6 9.8l5.4 3.1c5 2.8 10.2 5.3 15.5 7.6c8.7 3.7 18.6 .9 25-6.2l19.8-22.2c6.8 1.1 13.8 1.7 20.9 1.7s14.1-.6 20.9-1.7l19.8 22.2zM464 304a48 48 0 1 1 0 96 48 48 0 1 1 0-96z\"\/><\/svg><\/span><\/div><\/div><div class=\"vcex-icon-box-text\"><h2 class=\"vcex-icon-box-heading wpex-heading wpex-text-md wpex-mb-10\">SERVICE DE QUALIT\u00c9<\/h2><div class=\"vcex-icon-box-content wpex-last-mb-0 wpex-clr\"><p>Nous apportons un soin particulier quand \u00e0 la fourniture d\u2019un rapport d\u2019intervention d\u00e9taill\u00e9 et de qualit\u00e9, exposant clairement l\u2019origine du dommage et le ou les solutions \u00e0 mettre en oeuvre pour rem\u00e9dier au(x) probl\u00e8me(s).<br \/>\nDe plus nous sommes l\u00e0 pour vous \u2013 avant, pendant et apr\u00e8s. Si vous souhaitez que nous vous apportions des \u00e9claircissement ou si vous avez une question n\u2019h\u00e9sitez pas \u00e0 la poser.<\/p>\n<\/div><\/div><\/div>[\/vc_column][\/vc_row][vc_row full_width=\u00a0\u00bbstretch_row\u00a0\u00bb css=\u00a0\u00bb.vc_custom_1489611246294{padding-top: 60px !important;padding-bottom: 50px !important;background-color: #efefef !important;}\u00a0\u00bb][vc_column]<style>.vcex-heading.vcex_69fdd21562ced{font-size:28px;}<\/style><h2 class=\"vcex-heading vcex-heading-plain vcex-module wpex-heading wpex-text-2xl wpex-text-center vcex_69fdd21562ced\"><span class=\"vcex-heading-inner wpex-inline-block\">UN MOT A NOTRE SUJET<\/span><\/h2><div class=\"vcex-spacing wpex-w-100 wpex-clear\"><\/div>[vc_column_text]Depuis plus de 6 ans, nous intervenons quotidiennement sur des probl\u00e8mes de fuite:<\/p>\n<p>R\u00e9seaux d\u2019adduction ou d\u2019\u00e9vacuation des eaux claires ou grises, d\u00e9tection de fuite en toiture technique ou terrasse, contr\u00f4le d\u2019\u00e9tanch\u00e9it\u00e9 des membranes pr\u00e9sentent en p\u00e9riph\u00e9rie des bassins de r\u00e9tention d\u2019eau ou piscine \u2026<\/p>\n<p>Chaque mission est unique. A l\u2019\u00e9chelle d\u2019une maison, d\u2019un jardin privatif, d\u2019un quartier ou d\u2019une ville, nous saurons mettre en \u0153uvre les moyens techniques pour apporter une solution \u00e0 chaque probl\u00e9matique.<\/p>\n<p>La parfaite ma\u00eetrise des moyens technologiques existant nous permet d\u2019\u00e9tablir un diagnostic pr\u00e9cis et ainsi d\u2019apporter\u00a0une solution \u00e0 chaque cas de figure.[\/vc_column_text][\/vc_column][\/vc_row][vc_row full_width=\u00a0\u00bbstretch_row_content_no_spaces\u00a0\u00bb][vc_column css=\u00a0\u00bb.vc_custom_1476674115468{margin-bottom: 0px !important;background-color: #000000 !important;}\u00a0\u00bb]<div class=\"vcex-image-grid-wrap\"><div class=\"vcex-module vcex-image-grid grid-style-no-margins wpex-row wpex-clr vcex-isotope-grid no-transition wpex-overflow-hidden vcex-no-margin-grid wpex-lightbox-group\" data-transition-duration=\"0.0\" data-thumbnails=\"false\" data-show_title=\"false\"><div class=\"id-215 vcex-image-grid-entry vcex-grid-item vcex-isotope-entry wpex-text-center vcex-no-margin-entry span_1_of_4 col col-1\"><figure class=\"vcex-image-grid-entry-figure wpex-last-mb-0 wpex-clr\"><div class=\"vcex-image-grid-entry-img entry-media wpex-relative overlay-parent overlay-parent-plus-three-hover wpex-overflow-hidden wpex-mb-20\"><a href=\"https:\/\/aquafuite.com\/wp-content\/uploads\/2019\/07\/IMG_20160801_105844-copie-1500x844.jpg\" class=\"vcex-image-grid-entry-link wpex-lightbox-group-item\" data-thumbnails=\"false\" data-show_title=\"false\"><img data-no-lazy=\"1\" class=\"wpex-align-middle skip-lazy\" src=\"https:\/\/aquafuite.com\/wp-content\/uploads\/2019\/07\/IMG_20160801_105844-copie-800x600.jpg\" alt=\"\" width=\"800\" height=\"600\">\n<div class=\"overlay-plus-three-hover overlay-hide theme-overlay wpex-absolute wpex-inset-0 wpex-transition-all wpex-duration-300 wpex-text-accent wpex-flex wpex-items-center wpex-justify-center wpex-text-6xl\" aria-hidden=\"true\">\n\t<span class=\"overlay-bg wpex-bg-black wpex-block wpex-absolute wpex-inset-0 wpex-opacity-70\"><\/span>\n    <span class=\"overlay-content overlay-transform wpex-relative wpex-leading-none wpex-translate-y-50 wpex-transition-all wpex-duration-300 wpex-icon\" aria-hidden=\"true\"><svg xmlns=\"http:\/\/www.w3.org\/2000\/svg\" viewBox=\"0 0 512 512\"><path d=\"M256 512A256 256 0 1 0 256 0a256 256 0 1 0 0 512zM232 344V280H168c-13.3 0-24-10.7-24-24s10.7-24 24-24h64V168c0-13.3 10.7-24 24-24s24 10.7 24 24v64h64c13.3 0 24 10.7 24 24s-10.7 24-24 24H280v64c0 13.3-10.7 24-24 24s-24-10.7-24-24z\"\/><\/svg><\/span><\/div>\n<\/a><\/div><\/figure><\/div><div class=\"id-198 vcex-image-grid-entry vcex-grid-item vcex-isotope-entry wpex-text-center vcex-no-margin-entry span_1_of_4 col col-2\"><figure class=\"vcex-image-grid-entry-figure wpex-last-mb-0 wpex-clr\"><div class=\"vcex-image-grid-entry-img entry-media wpex-relative overlay-parent overlay-parent-plus-three-hover wpex-overflow-hidden wpex-mb-20\"><a href=\"https:\/\/aquafuite.com\/wp-content\/uploads\/2019\/07\/20160113_121937-Large-copie-1600x1200-1500x844.jpg\" class=\"vcex-image-grid-entry-link wpex-lightbox-group-item\" data-thumbnails=\"false\" data-show_title=\"false\"><img data-no-lazy=\"1\" class=\"wpex-align-middle skip-lazy\" src=\"https:\/\/aquafuite.com\/wp-content\/uploads\/2019\/07\/20160113_121937-Large-copie-1600x1200-800x600.jpg\" alt=\"\" width=\"800\" height=\"600\">\n<div class=\"overlay-plus-three-hover overlay-hide theme-overlay wpex-absolute wpex-inset-0 wpex-transition-all wpex-duration-300 wpex-text-accent wpex-flex wpex-items-center wpex-justify-center wpex-text-6xl\" aria-hidden=\"true\">\n\t<span class=\"overlay-bg wpex-bg-black wpex-block wpex-absolute wpex-inset-0 wpex-opacity-70\"><\/span>\n    <span class=\"overlay-content overlay-transform wpex-relative wpex-leading-none wpex-translate-y-50 wpex-transition-all wpex-duration-300 wpex-icon\" aria-hidden=\"true\"><svg xmlns=\"http:\/\/www.w3.org\/2000\/svg\" viewBox=\"0 0 512 512\"><path d=\"M256 512A256 256 0 1 0 256 0a256 256 0 1 0 0 512zM232 344V280H168c-13.3 0-24-10.7-24-24s10.7-24 24-24h64V168c0-13.3 10.7-24 24-24s24 10.7 24 24v64h64c13.3 0 24 10.7 24 24s-10.7 24-24 24H280v64c0 13.3-10.7 24-24 24s-24-10.7-24-24z\"\/><\/svg><\/span><\/div>\n<\/a><\/div><\/figure><\/div><div class=\"id-213 vcex-image-grid-entry vcex-grid-item vcex-isotope-entry wpex-text-center vcex-no-margin-entry span_1_of_4 col col-3\"><figure class=\"vcex-image-grid-entry-figure wpex-last-mb-0 wpex-clr\"><div class=\"vcex-image-grid-entry-img entry-media wpex-relative overlay-parent overlay-parent-plus-three-hover wpex-overflow-hidden wpex-mb-20\"><a href=\"https:\/\/aquafuite.com\/wp-content\/uploads\/2019\/07\/IMG_20160603_152244-1500x844.jpg\" class=\"vcex-image-grid-entry-link wpex-lightbox-group-item\" data-thumbnails=\"false\" data-show_title=\"false\"><img data-no-lazy=\"1\" class=\"wpex-align-middle skip-lazy\" src=\"https:\/\/aquafuite.com\/wp-content\/uploads\/2019\/07\/IMG_20160603_152244-800x600.jpg\" alt=\"\" width=\"800\" height=\"600\">\n<div class=\"overlay-plus-three-hover overlay-hide theme-overlay wpex-absolute wpex-inset-0 wpex-transition-all wpex-duration-300 wpex-text-accent wpex-flex wpex-items-center wpex-justify-center wpex-text-6xl\" aria-hidden=\"true\">\n\t<span class=\"overlay-bg wpex-bg-black wpex-block wpex-absolute wpex-inset-0 wpex-opacity-70\"><\/span>\n    <span class=\"overlay-content overlay-transform wpex-relative wpex-leading-none wpex-translate-y-50 wpex-transition-all wpex-duration-300 wpex-icon\" aria-hidden=\"true\"><svg xmlns=\"http:\/\/www.w3.org\/2000\/svg\" viewBox=\"0 0 512 512\"><path d=\"M256 512A256 256 0 1 0 256 0a256 256 0 1 0 0 512zM232 344V280H168c-13.3 0-24-10.7-24-24s10.7-24 24-24h64V168c0-13.3 10.7-24 24-24s24 10.7 24 24v64h64c13.3 0 24 10.7 24 24s-10.7 24-24 24H280v64c0 13.3-10.7 24-24 24s-24-10.7-24-24z\"\/><\/svg><\/span><\/div>\n<\/a><\/div><\/figure><\/div><div class=\"id-216 vcex-image-grid-entry vcex-grid-item vcex-isotope-entry wpex-text-center vcex-no-margin-entry span_1_of_4 col col-4\"><figure class=\"vcex-image-grid-entry-figure wpex-last-mb-0 wpex-clr\"><div class=\"vcex-image-grid-entry-img entry-media wpex-relative overlay-parent overlay-parent-plus-three-hover wpex-overflow-hidden wpex-mb-20\"><a href=\"https:\/\/aquafuite.com\/wp-content\/uploads\/2019\/07\/IMG_20161219_114828-copie.jpg\" class=\"vcex-image-grid-entry-link wpex-lightbox-group-item\" data-thumbnails=\"false\" data-show_title=\"false\"><img data-no-lazy=\"1\" class=\"wpex-align-middle skip-lazy\" src=\"https:\/\/aquafuite.com\/wp-content\/uploads\/2019\/07\/IMG_20161219_114828-copie-800x600.jpg\" alt=\"\" width=\"800\" height=\"600\">\n<div class=\"overlay-plus-three-hover overlay-hide theme-overlay wpex-absolute wpex-inset-0 wpex-transition-all wpex-duration-300 wpex-text-accent wpex-flex wpex-items-center wpex-justify-center wpex-text-6xl\" aria-hidden=\"true\">\n\t<span class=\"overlay-bg wpex-bg-black wpex-block wpex-absolute wpex-inset-0 wpex-opacity-70\"><\/span>\n    <span class=\"overlay-content overlay-transform wpex-relative wpex-leading-none wpex-translate-y-50 wpex-transition-all wpex-duration-300 wpex-icon\" aria-hidden=\"true\"><svg xmlns=\"http:\/\/www.w3.org\/2000\/svg\" viewBox=\"0 0 512 512\"><path d=\"M256 512A256 256 0 1 0 256 0a256 256 0 1 0 0 512zM232 344V280H168c-13.3 0-24-10.7-24-24s10.7-24 24-24h64V168c0-13.3 10.7-24 24-24s24 10.7 24 24v64h64c13.3 0 24 10.7 24 24s-10.7 24-24 24H280v64c0 13.3-10.7 24-24 24s-24-10.7-24-24z\"\/><\/svg><\/span><\/div>\n<\/a><\/div><\/figure><\/div><\/div><\/div>[\/vc_column][\/vc_row][vc_row full_width=\u00a0\u00bbstretch_row\u00a0\u00bb content_placement=\u00a0\u00bbmiddle\u00a0\u00bb equal_height=\u00a0\u00bbyes\u00a0\u00bb css=\u00a0\u00bb.vc_custom_1562683334398{padding-top: 50px !important;padding-right: 50px !important;padding-bottom: 50px !important;padding-left: 50px !important;background: #efefef url(https:\/\/aquafuite.com\/wp-content\/uploads\/2019\/07\/fond-carte-departements-2-e1562683309832.png?id=300) !important;background-position: 0 0 !important;background-repeat: no-repeat !important;}\u00a0\u00bb][vc_column parallax=\u00a0\u00bbcontent-moving\u00a0\u00bb css=\u00a0\u00bb.vc_custom_1562526201976{background-position: center !important;background-repeat: no-repeat !important;background-size: contain !important;}\u00a0\u00bb]<style>.vcex-heading.vcex_69fdd215675b8{font-size:28px;}<\/style><h2 class=\"vcex-heading vcex-heading-plain vcex-module wpex-heading wpex-text-2xl wpex-text-center vc_custom_1562680672619 vcex_69fdd215675b8\"><span class=\"vcex-heading-inner wpex-inline-block\">ZONES DE COUVERTURE<\/span><\/h2>[\/vc_column][\/vc_row][vc_row full_width=\u00a0\u00bbstretch_row\u00a0\u00bb parallax=\u00a0\u00bbcontent-moving\u00a0\u00bb wpex_bg_overlay=\u00a0\u00bbcolor\u00a0\u00bb css=\u00a0\u00bb.vc_custom_1562682709396{padding-top: 100px !important;padding-bottom: 100px !important;background-color: #000000 !important;}\u00a0\u00bb wpex_bg_overlay_opacity=\u00a0\u00bb0.3&Prime;][vc_column][vc_column_text font_size=\u00a0\u00bb32px\u00a0\u00bb]Experts en recherche de fuite depuis 2012.<br \/>\nObtenez un devis aujourd\u2019hui![\/vc_column_text][\/vc_column][\/vc_row]\n<\/div>","protected":false},"excerpt":{"rendered":"<p>[vc_row full_width=\u00a0\u00bbstretch_row\u00a0\u00bb parallax=\u00a0\u00bbcontent-moving\u00a0\u00bb typography_style=\u00a0\u00bblight\u00a0\u00bb wpex_bg_overlay=\u00a0\u00bbcolor\u00a0\u00bb bg_style=\u00a0\u00bbstretch\u00a0\u00bb css=\u00a0\u00bb.vc_custom_1562524577093{padding-top: 130px !important;padding-bottom: 100px !important;background: #0a0a0a url(https:\/\/aquafuite.com\/wp-content\/uploads\/2019\/07\/mise-en-eau-1600&#215;1200.jpg?id=223);}\u00a0\u00bb wpex_bg_overlay_opacity=\u00a0\u00bb0.5&Prime;][vc_column][vc_column_text color=\u00a0\u00bb#ffffff\u00a0\u00bb font_size=\u00a0\u00bb21px\u00a0\u00bb] Que vous soyez particulier, syndic de copropri\u00e9t\u00e9s, collectivit\u00e9, plombier, industriel, professionnel du b\u00e2timent ou des services publics, Aquafuite paca\u00a0intervient sur tous les r\u00e9seaux apparents, enterr\u00e9s ou encastr\u00e9s(eau potable, piscine, arrosage, circuit chauffage, r\u00e9seau urbain\u2026), gaines techniques, infiltration sur toiture,&hellip;<\/p>\n","protected":false},"author":1,"featured_media":0,"parent":0,"menu_order":0,"comment_status":"closed","ping_status":"closed","template":"","meta":{"footnotes":""},"class_list":["post-110","page","type-page","status-publish","hentry","entry","no-media"],"_links":{"self":[{"href":"https:\/\/aquafuite.com\/index.php?rest_route=\/wp\/v2\/pages\/110","targetHints":{"allow":["GET"]}}],"collection":[{"href":"https:\/\/aquafuite.com\/index.php?rest_route=\/wp\/v2\/pages"}],"about":[{"href":"https:\/\/aquafuite.com\/index.php?rest_route=\/wp\/v2\/types\/page"}],"author":[{"embeddable":true,"href":"https:\/\/aquafuite.com\/index.php?rest_route=\/wp\/v2\/users\/1"}],"replies":[{"embeddable":true,"href":"https:\/\/aquafuite.com\/index.php?rest_route=%2Fwp%2Fv2%2Fcomments&post=110"}],"version-history":[{"count":34,"href":"https:\/\/aquafuite.com\/index.php?rest_route=\/wp\/v2\/pages\/110\/revisions"}],"predecessor-version":[{"id":308,"href":"https:\/\/aquafuite.com\/index.php?rest_route=\/wp\/v2\/pages\/110\/revisions\/308"}],"wp:attachment":[{"href":"https:\/\/aquafuite.com\/index.php?rest_route=%2Fwp%2Fv2%2Fmedia&parent=110"}],"curies":[{"name":"wp","href":"https:\/\/api.w.org\/{rel}","templated":true}]}}