{"id":113,"date":"2015-01-25T00:21:42","date_gmt":"2015-01-25T00:21:42","guid":{"rendered":"http:\/\/totaltheme.wpengine.com\/construct\/?page_id=4"},"modified":"2019-07-09T16:46:46","modified_gmt":"2019-07-09T14:46:46","slug":"who-we-are-2","status":"publish","type":"page","link":"https:\/\/aquafuite.com\/?page_id=113","title":{"rendered":"QUI SOMMES-NOUS ?"},"content":{"rendered":"<div class=\"wpb-content-wrapper\">[vc_row full_width=\u00a0\u00bbstretch_row\u00a0\u00bb typography_style=\u00a0\u00bbwhite\u00a0\u00bb bg_style=\u00a0\u00bbstretch\u00a0\u00bb style=\u00a0\u00bblight\u00a0\u00bb css=\u00a0\u00bb.vc_custom_1562527361205{padding-top: 170px !important;padding-bottom: 140px !important;background-color: #000000 !important;background-position: center !important;background-repeat: no-repeat !important;background-size: cover !important;}\u00a0\u00bb][vc_column css=\u00a0\u00bb.vc_custom_1562527379915{background-color: #000000 !important;}\u00a0\u00bb]<style>.vcex-heading.vcex_69fddfcac6607{color:#ffffff;font-size:36px;font-weight:700;}<\/style><h1 class=\"vcex-heading vcex-heading-plain vcex-module wpex-heading wpex-text-2xl wpex-text-center vcex_69fddfcac6607\"><span class=\"vcex-heading-inner wpex-inline-block\">A PROPOS DE NOUS<\/span><\/h1><div class=\"vcex-spacing wpex-w-100 wpex-clear\" style=\"height:20px;\"><\/div>[vc_column_text color=\u00a0\u00bb#ffffff\u00a0\u00bb]\n<p style=\"text-align: center;\"><span style=\"font-size: 21px;\">Un probl\u00e8me de fuite ou une infiltration dans votre logement ou vos locaux. Ne chercher plus, vous nous avez trouv\u00e9.<\/span><\/p>\n[\/vc_column_text][\/vc_column][\/vc_row][vc_row full_width=\u00a0\u00bbstretch_row\u00a0\u00bb css=\u00a0\u00bb.vc_custom_1489882653141{padding-top: 70px !important;padding-bottom: 30px !important;background-color: #efefef !important;}\u00a0\u00bb][vc_column width=\u00a0\u00bb1\/2&Prime;]<style>.vcex-heading.vcex_69fddfcac7133{font-size:28px;}<\/style><h2 class=\"vcex-heading vcex-heading-plain vcex-module wpex-heading wpex-text-2xl vcex_69fddfcac7133\"><span class=\"vcex-heading-inner wpex-inline-block\">NOTRE SAVOIR FAIRE<\/span><\/h2><div class=\"vcex-spacing wpex-w-100 wpex-clear\" style=\"height:20px;\"><\/div>[vc_column_text]Fort d\u2019une exp\u00e9rience de plus de 10 ans dans le domaine du b\u00e2timent (plomberie,chauffage,\u00e9lectricit\u00e9,climatisation), nous sommes en mesure d\u2019apporter une solution cl\u00e9s en main \u00e0 l\u2019ensemble de vos probl\u00e8mes. Tout au long de ses ann\u00e9es nous n\u2019avons cesser de parfaire nos comp\u00e9tences au travers diff\u00e9rents dipl\u00f4me et formation.[\/vc_column_text][\/vc_column][vc_column width=\u00a0\u00bb1\/2&Prime;][vc_single_image image=\u00a0\u00bb106&Prime; style=\u00a0\u00bbvc_box_circle\u00a0\u00bb][\/vc_column][\/vc_row][vc_row css=\u00a0\u00bb.vc_custom_1489882658925{padding-top: 70px !important;padding-bottom: 30px !important;}\u00a0\u00bb][vc_column]<style>.vcex-heading.vcex_69fddfcac7515{font-size:28px;}<\/style><h2 class=\"vcex-heading vcex-heading-plain vcex-module wpex-heading wpex-text-2xl vcex_69fddfcac7515\"><span class=\"vcex-heading-inner wpex-inline-block\">SYNERGIE AVEC NOS PARTENAIRES<\/span><\/h2><div class=\"vcex-spacing wpex-w-100 wpex-clear\" style=\"height:20px;\"><\/div>[vc_column_text]Professionnellement, nous avons su nous entourer de soci\u00e9t\u00e9 excellant chacune dans son domaine d\u2019activit\u00e9 (plombier,\u00e9lectricien,ma\u00e7on,peintre,\u00e9tancheur,couvreur,carreleur,climaticien) et ce afin de pouvoir nous concentrer sur notre c\u0153ur d\u2019activit\u00e9 qui est la rechercher et la d\u00e9tection de fuite d\u2019eau.[\/vc_column_text][\/vc_column][\/vc_row]\n<\/div>","protected":false},"excerpt":{"rendered":"<p>[vc_row full_width=\u00a0\u00bbstretch_row\u00a0\u00bb typography_style=\u00a0\u00bbwhite\u00a0\u00bb bg_style=\u00a0\u00bbstretch\u00a0\u00bb style=\u00a0\u00bblight\u00a0\u00bb css=\u00a0\u00bb.vc_custom_1562527361205{padding-top: 170px !important;padding-bottom: 140px !important;background-color: #000000 !important;background-position: center !important;background-repeat: no-repeat !important;background-size: cover !important;}\u00a0\u00bb][vc_column css=\u00a0\u00bb.vc_custom_1562527379915{background-color: #000000 !important;}\u00a0\u00bb][vc_column_text color=\u00a0\u00bb#ffffff\u00a0\u00bb] Un probl\u00e8me de fuite ou une infiltration dans votre logement ou vos locaux. Ne chercher plus, vous nous avez trouv\u00e9. [\/vc_column_text][\/vc_column][\/vc_row][vc_row full_width=\u00a0\u00bbstretch_row\u00a0\u00bb css=\u00a0\u00bb.vc_custom_1489882653141{padding-top: 70px !important;padding-bottom: 30px !important;background-color: #efefef !important;}\u00a0\u00bb][vc_column width=\u00a0\u00bb1\/2&Prime;][vc_column_text]Fort d\u2019une exp\u00e9rience de&hellip;<\/p>\n","protected":false},"author":1,"featured_media":0,"parent":0,"menu_order":0,"comment_status":"closed","ping_status":"closed","template":"","meta":{"footnotes":""},"class_list":["post-113","page","type-page","status-publish","hentry","entry","no-media"],"_links":{"self":[{"href":"https:\/\/aquafuite.com\/index.php?rest_route=\/wp\/v2\/pages\/113","targetHints":{"allow":["GET"]}}],"collection":[{"href":"https:\/\/aquafuite.com\/index.php?rest_route=\/wp\/v2\/pages"}],"about":[{"href":"https:\/\/aquafuite.com\/index.php?rest_route=\/wp\/v2\/types\/page"}],"author":[{"embeddable":true,"href":"https:\/\/aquafuite.com\/index.php?rest_route=\/wp\/v2\/users\/1"}],"replies":[{"embeddable":true,"href":"https:\/\/aquafuite.com\/index.php?rest_route=%2Fwp%2Fv2%2Fcomments&post=113"}],"version-history":[{"count":7,"href":"https:\/\/aquafuite.com\/index.php?rest_route=\/wp\/v2\/pages\/113\/revisions"}],"predecessor-version":[{"id":246,"href":"https:\/\/aquafuite.com\/index.php?rest_route=\/wp\/v2\/pages\/113\/revisions\/246"}],"wp:attachment":[{"href":"https:\/\/aquafuite.com\/index.php?rest_route=%2Fwp%2Fv2%2Fmedia&parent=113"}],"curies":[{"name":"wp","href":"https:\/\/api.w.org\/{rel}","templated":true}]}}