{"id":116,"date":"2015-01-25T00:22:43","date_gmt":"2015-01-25T00:22:43","guid":{"rendered":"http:\/\/totaltheme.wpengine.com\/construct\/?page_id=6"},"modified":"2019-07-09T16:46:33","modified_gmt":"2019-07-09T14:46:33","slug":"prestations","status":"publish","type":"page","link":"https:\/\/aquafuite.com\/?page_id=116","title":{"rendered":"PRESTATIONS"},"content":{"rendered":"<div class=\"wpb-content-wrapper\">[vc_row][vc_column]<style class=\"vcex-carousel-preload-css\">.vcex_69fddff206808{--wpex-carousel-gap:0px;}.vcex_69fddff206808{--wpex-carousel-columns:1;}.vcex_69fddff206808.wpex-carousel:not(.wpex-carousel--loaded) > *:not(:nth-child(1n+2)){display: flex !important;}@media only screen and (min-width: 480px) {.vcex_69fddff206808{--wpex-carousel-columns:2;}.vcex_69fddff206808.wpex-carousel:not(.wpex-carousel--loaded) > *:not(:nth-child(1n+3)){display: flex !important;}}@media only screen and (min-width: 768px) {.vcex_69fddff206808{--wpex-carousel-columns:3;}.vcex_69fddff206808.wpex-carousel:not(.wpex-carousel--loaded) > *:not(:nth-child(1n+4)){display: flex !important;}}@media only screen and (min-width: 960px) {.vcex_69fddff206808{--wpex-carousel-columns:4;}.vcex_69fddff206808.wpex-carousel:not(.wpex-carousel--loaded) > *:not(:nth-child(1n+5)){display: flex !important;}}<\/style><div class=\"vcex-image-carousel wpex-carousel wpex-carousel-images wpex-clr vcex-module owl-carousel wpex-carousel--render-onload vcex_69fddff206808 arrwstyle-default arrwpos-default\" data-wpex-carousel=\"{&quot;margin&quot;:0,&quot;slideBy&quot;:1,&quot;responsive&quot;:{&quot;0&quot;:{&quot;items&quot;:&quot;1&quot;},&quot;480&quot;:{&quot;items&quot;:&quot;2&quot;},&quot;768&quot;:{&quot;items&quot;:&quot;3&quot;},&quot;960&quot;:{&quot;items&quot;:&quot;4&quot;}},&quot;smartSpeed&quot;:150}\"><div class=\"wpex-carousel-slide\"><figure class=\"wpex-carousel-entry-media entry-media wpex-relative\"><img data-no-lazy=\"1\" class=\"wpex-align-middle skip-lazy\" src=\"https:\/\/aquafuite.com\/wp-content\/uploads\/2019\/07\/IMG_20161221_141836-1600x1200-1024x576.jpg\" alt=\"\" srcset=\"https:\/\/aquafuite.com\/wp-content\/uploads\/2019\/07\/IMG_20161221_141836-1600x1200-1024x576.jpg 1024w, https:\/\/aquafuite.com\/wp-content\/uploads\/2019\/07\/IMG_20161221_141836-1600x1200-150x84.jpg 150w, https:\/\/aquafuite.com\/wp-content\/uploads\/2019\/07\/IMG_20161221_141836-1600x1200-150x84@2x.jpg 300w, https:\/\/aquafuite.com\/wp-content\/uploads\/2019\/07\/IMG_20161221_141836-1600x1200-768x432.jpg 768w, https:\/\/aquafuite.com\/wp-content\/uploads\/2019\/07\/IMG_20161221_141836-1600x1200-1500x844.jpg 1500w, https:\/\/aquafuite.com\/wp-content\/uploads\/2019\/07\/IMG_20161221_141836-1600x1200.jpg 1600w\" width=\"1024\" height=\"576\"><\/figure><\/div><div class=\"wpex-carousel-slide\"><figure class=\"wpex-carousel-entry-media entry-media wpex-relative\"><img data-no-lazy=\"1\" class=\"wpex-align-middle skip-lazy\" src=\"https:\/\/aquafuite.com\/wp-content\/uploads\/2019\/07\/Mise-en-eau-toiture-technique-1600x1200-1024x768.jpg\" alt=\"\" srcset=\"https:\/\/aquafuite.com\/wp-content\/uploads\/2019\/07\/Mise-en-eau-toiture-technique-1600x1200-1024x768.jpg 1024w, https:\/\/aquafuite.com\/wp-content\/uploads\/2019\/07\/Mise-en-eau-toiture-technique-1600x1200-150x113.jpg 150w, https:\/\/aquafuite.com\/wp-content\/uploads\/2019\/07\/Mise-en-eau-toiture-technique-1600x1200-150x113@2x.jpg 300w, https:\/\/aquafuite.com\/wp-content\/uploads\/2019\/07\/Mise-en-eau-toiture-technique-1600x1200-768x576.jpg 768w, https:\/\/aquafuite.com\/wp-content\/uploads\/2019\/07\/Mise-en-eau-toiture-technique-1600x1200-1500x1125.jpg 1500w, https:\/\/aquafuite.com\/wp-content\/uploads\/2019\/07\/Mise-en-eau-toiture-technique-1600x1200.jpg 1600w\" width=\"1024\" height=\"768\"><\/figure><\/div><div class=\"wpex-carousel-slide\"><figure class=\"wpex-carousel-entry-media entry-media wpex-relative\"><img data-no-lazy=\"1\" class=\"wpex-align-middle skip-lazy\" src=\"https:\/\/aquafuite.com\/wp-content\/uploads\/2019\/07\/IMGP0938-Copier-768x1024.jpg\" alt=\"\" srcset=\"https:\/\/aquafuite.com\/wp-content\/uploads\/2019\/07\/IMGP0938-Copier-768x1024.jpg 768w, https:\/\/aquafuite.com\/wp-content\/uploads\/2019\/07\/IMGP0938-Copier-113x150.jpg 113w, https:\/\/aquafuite.com\/wp-content\/uploads\/2019\/07\/IMGP0938-Copier-225x300.jpg 225w, https:\/\/aquafuite.com\/wp-content\/uploads\/2019\/07\/IMGP0938-Copier-113x150@2x.jpg 226w, https:\/\/aquafuite.com\/wp-content\/uploads\/2019\/07\/IMGP0938-Copier.jpg 1080w\" width=\"768\" height=\"1024\"><\/figure><\/div><div class=\"wpex-carousel-slide\"><figure class=\"wpex-carousel-entry-media entry-media wpex-relative\"><img data-no-lazy=\"1\" class=\"wpex-align-middle skip-lazy\" src=\"https:\/\/aquafuite.com\/wp-content\/uploads\/2019\/07\/arrosage-toiture-technique-1024x576.jpg\" alt=\"\" srcset=\"https:\/\/aquafuite.com\/wp-content\/uploads\/2019\/07\/arrosage-toiture-technique-1024x576.jpg 1024w, https:\/\/aquafuite.com\/wp-content\/uploads\/2019\/07\/arrosage-toiture-technique-150x84.jpg 150w, https:\/\/aquafuite.com\/wp-content\/uploads\/2019\/07\/arrosage-toiture-technique-150x84@2x.jpg 300w, https:\/\/aquafuite.com\/wp-content\/uploads\/2019\/07\/arrosage-toiture-technique-768x432.jpg 768w, https:\/\/aquafuite.com\/wp-content\/uploads\/2019\/07\/arrosage-toiture-technique-1500x844.jpg 1500w, https:\/\/aquafuite.com\/wp-content\/uploads\/2019\/07\/arrosage-toiture-technique.jpg 1920w\" width=\"1024\" height=\"576\"><\/figure><\/div><div class=\"wpex-carousel-slide\"><figure class=\"wpex-carousel-entry-media entry-media wpex-relative\"><img data-no-lazy=\"1\" class=\"wpex-align-middle skip-lazy\" src=\"https:\/\/aquafuite.com\/wp-content\/uploads\/2019\/07\/gaz-toiture-1024x576.jpg\" alt=\"\" srcset=\"https:\/\/aquafuite.com\/wp-content\/uploads\/2019\/07\/gaz-toiture-1024x576.jpg 1024w, https:\/\/aquafuite.com\/wp-content\/uploads\/2019\/07\/gaz-toiture-150x84.jpg 150w, https:\/\/aquafuite.com\/wp-content\/uploads\/2019\/07\/gaz-toiture-150x84@2x.jpg 300w, https:\/\/aquafuite.com\/wp-content\/uploads\/2019\/07\/gaz-toiture-768x432.jpg 768w, https:\/\/aquafuite.com\/wp-content\/uploads\/2019\/07\/gaz-toiture-1500x844.jpg 1500w, https:\/\/aquafuite.com\/wp-content\/uploads\/2019\/07\/gaz-toiture.jpg 1600w\" width=\"1024\" height=\"576\"><\/figure><\/div><\/div>[\/vc_column][\/vc_row][vc_row column_spacing=\u00a0\u00bb40&Prime; css=\u00a0\u00bb.vc_custom_1489882700335{padding-top: 70px !important;}\u00a0\u00bb][vc_column width=\u00a0\u00bb1\/3&Prime;]<style>.vcex-icon-box.vcex_69fddff209524 .vcex-icon-box-heading{text-transform:uppercase;}.vcex-icon-box.vcex_69fddff209524 .vcex-icon-box-icon{font-size:36px;color:#000000;background-color:#ffb700;border-radius:99px;height:100px;width:100px;}.vcex-icon-box.vcex_69fddff209524 .vcex-icon-box-symbol--icon{margin-block-end:30px;}<\/style><div class=\"vcex-module vcex-icon-box vcex-icon-box-two wpex-block wpex-text-center vcex_69fddff209524\"><div class=\"vcex-icon-box-symbol vcex-icon-box-symbol--image wpex-mb-20\"><img width=\"1600\" height=\"1200\" src=\"https:\/\/aquafuite.com\/wp-content\/uploads\/2019\/07\/P1030988-1600x1200.png\" class=\"vcex-icon-box-image wpex-align-middle\" alt=\"\" loading=\"lazy\" decoding=\"async\" srcset=\"https:\/\/aquafuite.com\/wp-content\/uploads\/2019\/07\/P1030988-1600x1200.png 1600w, https:\/\/aquafuite.com\/wp-content\/uploads\/2019\/07\/P1030988-1600x1200-300x225.png 300w, https:\/\/aquafuite.com\/wp-content\/uploads\/2019\/07\/P1030988-1600x1200-768x576.png 768w, https:\/\/aquafuite.com\/wp-content\/uploads\/2019\/07\/P1030988-1600x1200-1024x768.png 1024w\" sizes=\"auto, (max-width: 1600px) 100vw, 1600px\" \/><\/div><div class=\"vcex-icon-box-text\"><h2 class=\"vcex-icon-box-heading wpex-heading wpex-text-md wpex-mb-10\">GAZ TRACEUR<\/h2><div class=\"vcex-icon-box-content wpex-last-mb-0 wpex-clr\"><p class=\"font_8\">Cette technique permet de localiser avec pr\u00e9cision\u00a0les fuites apr\u00e8s l\u2019injection de gaz dans la canalisation ou sous le complexe d\u2019\u00e9tanch\u00e9it\u00e9 non adh\u00e9rent pr\u00e9sent \u00a0sur les toitures techniques\/ terrasse dalles sur plots. Les particules tr\u00e8s fines et hautement volatil de ce gaz permettent de le d\u00e9tecter \u00e0 travers les chapes, l\u2019asphalte, la terre\u2026<\/p>\n<p class=\"font_8\">Ce gaz est ininflammable non toxique et non corrosif.<\/p>\n<\/div><\/div><\/div>[\/vc_column][vc_column width=\u00a0\u00bb1\/3&Prime;]<style>.vcex-icon-box.vcex_69fddff20aa11 .vcex-icon-box-heading{text-transform:uppercase;}.vcex-icon-box.vcex_69fddff20aa11 .vcex-icon-box-icon{font-size:36px;color:#000000;background-color:#ffb700;border-radius:99px;height:100px;width:100px;}.vcex-icon-box.vcex_69fddff20aa11 .vcex-icon-box-symbol--icon{margin-block-end:30px;}<\/style><div class=\"vcex-module vcex-icon-box vcex-icon-box-two wpex-block wpex-text-center vcex_69fddff20aa11\"><div class=\"vcex-icon-box-symbol vcex-icon-box-symbol--image wpex-mb-20\"><img width=\"1284\" height=\"1417\" src=\"https:\/\/aquafuite.com\/wp-content\/uploads\/2019\/07\/rdf-piscine.jpg\" class=\"vcex-icon-box-image wpex-align-middle\" alt=\"\" loading=\"lazy\" decoding=\"async\" srcset=\"https:\/\/aquafuite.com\/wp-content\/uploads\/2019\/07\/rdf-piscine.jpg 1284w, https:\/\/aquafuite.com\/wp-content\/uploads\/2019\/07\/rdf-piscine-272x300.jpg 272w, https:\/\/aquafuite.com\/wp-content\/uploads\/2019\/07\/rdf-piscine-768x848.jpg 768w, https:\/\/aquafuite.com\/wp-content\/uploads\/2019\/07\/rdf-piscine-928x1024.jpg 928w\" sizes=\"auto, (max-width: 1284px) 100vw, 1284px\" \/><\/div><div class=\"vcex-icon-box-text\"><h2 class=\"vcex-icon-box-heading wpex-heading wpex-text-md wpex-mb-10\">PISCINE ET BASSIN DE R\u00c9TENTION<\/h2><div class=\"vcex-icon-box-content wpex-last-mb-0 wpex-clr\"><p class=\"font_8\">Un test en pression de toutes les canalisations entre le bassin et le local technique est r\u00e9alis\u00e9 suivi d\u2019un test des pi\u00e8ces scell\u00e9s (\u00e9clairage skimmers, refoulements, prise balais, bonde de fond) \u00e0 l\u2019aide d\u2019une\u00a0cloche isolante.<\/p>\n<p class=\"font_8\">La technique de l\u2019\u00e9lectro-induction\u00a0consiste \u00e0 induire une charge \u00e9lectrique dans l\u2019eau d\u2019une piscine bord\u00e9e de liner\u00a0(ou membrane pvc\u00a0) l\u2019\u00e9lectricit\u00e9 induite va chercher \u00e0 \u00e9tablir une connexion \u00e0 la terre. Le passage du courant \u00e9lectrique \u00e0 partir du flotteur d\u2019entr\u00e9e, au point de raccordement \u00e0 la terre cr\u00e9e un trajet de courant d\u00e9tectable dans l\u2019eau par notre machine.<\/p>\n<\/div><\/div><\/div>[\/vc_column][vc_column width=\u00a0\u00bb1\/3&Prime;]<style>.vcex-icon-box.vcex_69fddff20b6e1 .vcex-icon-box-heading{text-transform:uppercase;}.vcex-icon-box.vcex_69fddff20b6e1 .vcex-icon-box-icon{font-size:36px;color:#000000;background-color:#ffb700;border-radius:99px;height:100px;width:100px;}.vcex-icon-box.vcex_69fddff20b6e1 .vcex-icon-box-symbol--icon{margin-block-end:30px;}<\/style><div class=\"vcex-module vcex-icon-box vcex-icon-box-two wpex-block wpex-text-center vcex_69fddff20b6e1\"><div class=\"vcex-icon-box-symbol vcex-icon-box-symbol--image wpex-mb-20\"><img width=\"800\" height=\"800\" src=\"https:\/\/aquafuite.com\/wp-content\/uploads\/2019\/07\/tubicam-xl-agm-tec.jpg\" class=\"vcex-icon-box-image wpex-align-middle\" alt=\"\" loading=\"lazy\" decoding=\"async\" srcset=\"https:\/\/aquafuite.com\/wp-content\/uploads\/2019\/07\/tubicam-xl-agm-tec.jpg 800w, https:\/\/aquafuite.com\/wp-content\/uploads\/2019\/07\/tubicam-xl-agm-tec-150x150.jpg 150w, https:\/\/aquafuite.com\/wp-content\/uploads\/2019\/07\/tubicam-xl-agm-tec-300x300.jpg 300w, https:\/\/aquafuite.com\/wp-content\/uploads\/2019\/07\/tubicam-xl-agm-tec-768x768.jpg 768w\" sizes=\"auto, (max-width: 800px) 100vw, 800px\" \/><\/div><div class=\"vcex-icon-box-text\"><h2 class=\"vcex-icon-box-heading wpex-heading wpex-text-md wpex-mb-10\">CAM\u00c9RA ENDOSCOPIQUE \/ INSPECTION<\/h2><div class=\"vcex-icon-box-content wpex-last-mb-0 wpex-clr\"><p class=\"font_8\">La cam\u00e9ra endoscopique permet d\u2019examiner l\u2019int\u00e9rieur des canalisations via un\u00a0\u00e9cran LCD.\u00a0Apr\u00e8s rep\u00e9rage des fissures, constat des ruptures et raccords d\u00e9fectueux, la cam\u00e9ra indique gr\u00e2ce \u00e0 son compteur et sa t\u00eate \u00e9mettrice, la distance et le point exact ou se situe\u00a0la t\u00eate.<\/p>\n<p class=\"font_8\">Cet appareil permet \u00e9galement de voir sous les baignoires et cabines de douches, \u00e0 l\u2019int\u00e9rieur des coffrages dans les drains p\u00e9riph\u00e9rique des b\u00e2timent\u2026<\/p>\n<\/div><\/div><\/div>[\/vc_column][\/vc_row][vc_row column_spacing=\u00a0\u00bb40&Prime; css=\u00a0\u00bb.vc_custom_1489882695473{padding-bottom: 30px !important;}\u00a0\u00bb][vc_column width=\u00a0\u00bb1\/3&Prime;]<style>.vcex-icon-box.vcex_69fddff20c3c9 .vcex-icon-box-heading{text-transform:uppercase;}.vcex-icon-box.vcex_69fddff20c3c9 .vcex-icon-box-icon{font-size:36px;color:#000000;background-color:#ffb700;border-radius:99px;height:100px;width:100px;}.vcex-icon-box.vcex_69fddff20c3c9 .vcex-icon-box-symbol--icon{margin-block-end:30px;}<\/style><div class=\"vcex-module vcex-icon-box vcex-icon-box-two wpex-block wpex-text-center vcex_69fddff20c3c9\"><div class=\"vcex-icon-box-symbol vcex-icon-box-symbol--image wpex-mb-20\"><img width=\"1500\" height=\"1191\" src=\"https:\/\/aquafuite.com\/wp-content\/uploads\/2019\/07\/colorant.jpg\" class=\"vcex-icon-box-image wpex-align-middle\" alt=\"\" loading=\"lazy\" decoding=\"async\" srcset=\"https:\/\/aquafuite.com\/wp-content\/uploads\/2019\/07\/colorant.jpg 1500w, https:\/\/aquafuite.com\/wp-content\/uploads\/2019\/07\/colorant-300x238.jpg 300w, https:\/\/aquafuite.com\/wp-content\/uploads\/2019\/07\/colorant-768x610.jpg 768w, https:\/\/aquafuite.com\/wp-content\/uploads\/2019\/07\/colorant-1024x813.jpg 1024w\" sizes=\"auto, (max-width: 1500px) 100vw, 1500px\" \/><\/div><div class=\"vcex-icon-box-text\"><h2 class=\"vcex-icon-box-heading wpex-heading wpex-text-md wpex-mb-10\">ARROSAGE ET MISE EN EAU<\/h2><div class=\"vcex-icon-box-content wpex-last-mb-0 wpex-clr\"><p class=\"font_8\">Cette technique consiste \u00e0 une mise en eau color\u00e9e du ou des supports qui sont\u00a0suppos\u00e9 \u00eatre le point de d\u00e9part de la fuite.<\/p>\n<p class=\"font_8\">On v\u00e9rifie ensuite si l\u2019eau qui ressort au point de fuite est color\u00e9e. Cette technique peut \u00eatre \u00e9galement utilis\u00e9e pour v\u00e9rifier les colonnes d\u2019\u00e9vacuation d\u2019eau.<\/p>\n<p class=\"font_8\">Il existe 5 types de couleurs autoris\u00e9s.<\/p>\n<\/div><\/div><\/div>[\/vc_column][vc_column width=\u00a0\u00bb1\/3&Prime;]<style>.vcex-icon-box.vcex_69fddff20d0f8 .vcex-icon-box-heading{text-transform:uppercase;}.vcex-icon-box.vcex_69fddff20d0f8 .vcex-icon-box-icon{font-size:36px;color:#000000;background-color:#ffb700;border-radius:99px;height:100px;width:100px;}.vcex-icon-box.vcex_69fddff20d0f8 .vcex-icon-box-symbol--icon{margin-block-end:30px;}<\/style><div class=\"vcex-module vcex-icon-box vcex-icon-box-two wpex-block wpex-text-center vcex_69fddff20d0f8\"><div class=\"vcex-icon-box-symbol vcex-icon-box-symbol--image wpex-mb-20\"><img width=\"586\" height=\"512\" src=\"https:\/\/aquafuite.com\/wp-content\/uploads\/2019\/07\/aquaphon.jpg\" class=\"vcex-icon-box-image wpex-align-middle\" alt=\"\" loading=\"lazy\" decoding=\"async\" srcset=\"https:\/\/aquafuite.com\/wp-content\/uploads\/2019\/07\/aquaphon.jpg 586w, https:\/\/aquafuite.com\/wp-content\/uploads\/2019\/07\/aquaphon-300x262.jpg 300w\" sizes=\"auto, (max-width: 586px) 100vw, 586px\" \/><\/div><div class=\"vcex-icon-box-text\"><h2 class=\"vcex-icon-box-heading wpex-heading wpex-text-md wpex-mb-10\">ECOUTE \u00c9LECTRO-ACOUSTIQUE<\/h2><div class=\"vcex-icon-box-content wpex-last-mb-0 wpex-clr\"><p>Cette technique est bas\u00e9e sur l\u2019identification du bruit de la fuite.<br \/>L\u2019appareil permet d\u2019entendre ce bruit. L\u2019amplitude du bruit augmente au fur et \u00e0 mesure que le technicien suit la canalisation pr\u00e9-localis\u00e9e et devient maximum \u00e0 l\u2019endroit de la fuite.<\/p>\n<\/div><\/div><\/div>[\/vc_column][vc_column width=\u00a0\u00bb1\/3&Prime;]<style>.vcex-icon-box.vcex_69fddff20dd7d .vcex-icon-box-heading{text-transform:uppercase;}.vcex-icon-box.vcex_69fddff20dd7d .vcex-icon-box-icon{font-size:36px;color:#000000;background-color:#ffb700;border-radius:99px;height:100px;width:100px;}.vcex-icon-box.vcex_69fddff20dd7d .vcex-icon-box-symbol--icon{margin-block-end:30px;}<\/style><div class=\"vcex-module vcex-icon-box vcex-icon-box-two wpex-block wpex-text-center vcex_69fddff20dd7d\"><div class=\"vcex-icon-box-symbol vcex-icon-box-symbol--image wpex-mb-20\"><img width=\"391\" height=\"291\" src=\"https:\/\/aquafuite.com\/wp-content\/uploads\/2019\/07\/camera-thermique-.jpg\" class=\"vcex-icon-box-image wpex-align-middle\" alt=\"\" loading=\"lazy\" decoding=\"async\" srcset=\"https:\/\/aquafuite.com\/wp-content\/uploads\/2019\/07\/camera-thermique-.jpg 391w, https:\/\/aquafuite.com\/wp-content\/uploads\/2019\/07\/camera-thermique--300x223.jpg 300w\" sizes=\"auto, (max-width: 391px) 100vw, 391px\" \/><\/div><div class=\"vcex-icon-box-text\"><h2 class=\"vcex-icon-box-heading wpex-heading wpex-text-md wpex-mb-10\">CAM\u00c9RA THERMOGRAPHIQUE<\/h2><div class=\"vcex-icon-box-content wpex-last-mb-0 wpex-clr\"><p>Elle permet le rep\u00e9rage des canalisations d\u2019eau chaude encastr\u00e9es ainsi que des\u00a0r\u00e9seaux de chauffage au sol, des ponts thermiques, et des\u00a0probl\u00e8mes de condensation.<\/p>\n<\/div><\/div><\/div>[\/vc_column][\/vc_row][vc_row column_spacing=\u00a0\u00bb40&Prime; css=\u00a0\u00bb.vc_custom_1489882695473{padding-bottom: 30px !important;}\u00a0\u00bb][vc_column width=\u00a0\u00bb1\/3&Prime;]<style>.vcex-icon-box.vcex_69fddff20e94d .vcex-icon-box-heading{text-transform:uppercase;}.vcex-icon-box.vcex_69fddff20e94d .vcex-icon-box-icon{font-size:36px;color:#000000;background-color:#ffb700;border-radius:99px;height:100px;width:100px;}.vcex-icon-box.vcex_69fddff20e94d .vcex-icon-box-symbol--icon{margin-block-end:30px;}<\/style><div class=\"vcex-module vcex-icon-box vcex-icon-box-two wpex-block wpex-text-center vcex_69fddff20e94d\"><div class=\"vcex-icon-box-symbol vcex-icon-box-symbol--image wpex-mb-20\"><img width=\"1600\" height=\"1200\" src=\"https:\/\/aquafuite.com\/wp-content\/uploads\/2019\/07\/utilitrac.jpg\" class=\"vcex-icon-box-image wpex-align-middle\" alt=\"\" loading=\"lazy\" decoding=\"async\" srcset=\"https:\/\/aquafuite.com\/wp-content\/uploads\/2019\/07\/utilitrac.jpg 1600w, https:\/\/aquafuite.com\/wp-content\/uploads\/2019\/07\/utilitrac-300x225.jpg 300w, https:\/\/aquafuite.com\/wp-content\/uploads\/2019\/07\/utilitrac-768x576.jpg 768w, https:\/\/aquafuite.com\/wp-content\/uploads\/2019\/07\/utilitrac-1024x768.jpg 1024w\" sizes=\"auto, (max-width: 1600px) 100vw, 1600px\" \/><\/div><div class=\"vcex-icon-box-text\"><h2 class=\"vcex-icon-box-heading wpex-heading wpex-text-md wpex-mb-10\">TRA\u00c7AGE DES R\u00c9SEAUX<\/h2><div class=\"vcex-icon-box-content wpex-last-mb-0 wpex-clr\"><p class=\"font_8\">La localisation \u00e9lectromagn\u00e9tique des conduites permet de d\u00e9tecter les r\u00e9seaux \u00e9lectriques\u00a0(mode passif) et les canalisations en poly\u00e9thyl\u00e8ne (mode actif \u00e0 l\u2019aide du g\u00e9n\u00e9ratrice et d\u2019une aiguille que l\u2019on glisse dans le plymouth)\u00a0et permet donc de r\u00e9aliser le tra\u00e7age des conduites.<\/p>\n<\/div><\/div><\/div>[\/vc_column][vc_column width=\u00a0\u00bb1\/3&Prime;]<style>.vcex-icon-box.vcex_69fddff20f4b9 .vcex-icon-box-heading{text-transform:uppercase;}.vcex-icon-box.vcex_69fddff20f4b9 .vcex-icon-box-icon{font-size:36px;color:#000000;background-color:#ffb700;border-radius:99px;height:100px;width:100px;}.vcex-icon-box.vcex_69fddff20f4b9 .vcex-icon-box-symbol--icon{margin-block-end:30px;}<\/style><div class=\"vcex-module vcex-icon-box vcex-icon-box-two wpex-block wpex-text-center vcex_69fddff20f4b9\"><div class=\"vcex-icon-box-symbol vcex-icon-box-symbol--image wpex-mb-20\"><img width=\"1000\" height=\"1000\" src=\"https:\/\/aquafuite.com\/wp-content\/uploads\/2019\/07\/manometre-.png\" class=\"vcex-icon-box-image wpex-align-middle\" alt=\"\" loading=\"lazy\" decoding=\"async\" srcset=\"https:\/\/aquafuite.com\/wp-content\/uploads\/2019\/07\/manometre-.png 1000w, https:\/\/aquafuite.com\/wp-content\/uploads\/2019\/07\/manometre--150x150.png 150w, https:\/\/aquafuite.com\/wp-content\/uploads\/2019\/07\/manometre--300x300.png 300w, https:\/\/aquafuite.com\/wp-content\/uploads\/2019\/07\/manometre--768x768.png 768w\" sizes=\"auto, (max-width: 1000px) 100vw, 1000px\" \/><\/div><div class=\"vcex-icon-box-text\"><h2 class=\"vcex-icon-box-heading wpex-heading wpex-text-md wpex-mb-10\">CONTR\u00d4LE PRESSION R\u00c9SEAU D'EAU<\/h2><div class=\"vcex-icon-box-content wpex-last-mb-0 wpex-clr\"><p>Cette technique est bas\u00e9e sur le contr\u00f4le de la pression pr\u00e9sente dans le circuit d\u2019eau froide ou chaude apr\u00e8s fermeture de la vanne principale sur le dit r\u00e9seau.<\/p>\n<\/div><\/div><\/div>[\/vc_column][vc_column width=\u00a0\u00bb1\/3&Prime;]<style>.vcex-icon-box.vcex_69fddff2100a7 .vcex-icon-box-heading{text-transform:uppercase;}.vcex-icon-box.vcex_69fddff2100a7 .vcex-icon-box-icon{font-size:36px;color:#000000;background-color:#ffb700;border-radius:99px;height:100px;width:100px;}.vcex-icon-box.vcex_69fddff2100a7 .vcex-icon-box-symbol--icon{margin-block-end:30px;}<\/style><div class=\"vcex-module vcex-icon-box vcex-icon-box-two wpex-block wpex-text-center vcex_69fddff2100a7\"><div class=\"vcex-icon-box-symbol vcex-icon-box-symbol--image wpex-mb-20\"><img width=\"1080\" height=\"608\" src=\"https:\/\/aquafuite.com\/wp-content\/uploads\/2019\/07\/Humidim\u00e8tre.jpg\" class=\"vcex-icon-box-image wpex-align-middle\" alt=\"\" loading=\"lazy\" decoding=\"async\" srcset=\"https:\/\/aquafuite.com\/wp-content\/uploads\/2019\/07\/Humidim\u00e8tre.jpg 1080w, https:\/\/aquafuite.com\/wp-content\/uploads\/2019\/07\/Humidim\u00e8tre-300x169.jpg 300w, https:\/\/aquafuite.com\/wp-content\/uploads\/2019\/07\/Humidim\u00e8tre-768x432.jpg 768w, https:\/\/aquafuite.com\/wp-content\/uploads\/2019\/07\/Humidim\u00e8tre-1024x576.jpg 1024w\" sizes=\"auto, (max-width: 1080px) 100vw, 1080px\" \/><\/div><div class=\"vcex-icon-box-text\"><h2 class=\"vcex-icon-box-heading wpex-heading wpex-text-md wpex-mb-10\">RELEV\u00c9 TAUX D'HUMIDIT\u00c9<\/h2><div class=\"vcex-icon-box-content wpex-last-mb-0 wpex-clr\"><p>Cette technique permet d\u2019obtenir une valeur de r\u00e9f\u00e9rence au niveau de la zone de dommage avant de r\u00e9aliser un essai d\u2019arrosage \u00e0 l\u2019ext\u00e9rieur et ainsi \u00e9tablir ou non un lien de cause \u00e0 effet.<\/p>\n<\/div><\/div><\/div>[\/vc_column][\/vc_row]\n<\/div>","protected":false},"excerpt":{"rendered":"<p>[vc_row][vc_column][\/vc_column][\/vc_row][vc_row column_spacing=\u00a0\u00bb40&Prime; css=\u00a0\u00bb.vc_custom_1489882700335{padding-top: 70px !important;}\u00a0\u00bb][vc_column width=\u00a0\u00bb1\/3&Prime;][\/vc_column][vc_column width=\u00a0\u00bb1\/3&Prime;][\/vc_column][vc_column width=\u00a0\u00bb1\/3&Prime;][\/vc_column][\/vc_row][vc_row column_spacing=\u00a0\u00bb40&Prime; css=\u00a0\u00bb.vc_custom_1489882695473{padding-bottom: 30px !important;}\u00a0\u00bb][vc_column width=\u00a0\u00bb1\/3&Prime;][\/vc_column][vc_column width=\u00a0\u00bb1\/3&Prime;][\/vc_column][vc_column width=\u00a0\u00bb1\/3&Prime;][\/vc_column][\/vc_row][vc_row column_spacing=\u00a0\u00bb40&Prime; css=\u00a0\u00bb.vc_custom_1489882695473{padding-bottom: 30px !important;}\u00a0\u00bb][vc_column width=\u00a0\u00bb1\/3&Prime;][\/vc_column][vc_column width=\u00a0\u00bb1\/3&Prime;][\/vc_column][vc_column width=\u00a0\u00bb1\/3&Prime;][\/vc_column][\/vc_row]<\/p>\n","protected":false},"author":1,"featured_media":0,"parent":0,"menu_order":0,"comment_status":"closed","ping_status":"closed","template":"","meta":{"footnotes":""},"class_list":["post-116","page","type-page","status-publish","hentry","entry","no-media"],"_links":{"self":[{"href":"https:\/\/aquafuite.com\/index.php?rest_route=\/wp\/v2\/pages\/116","targetHints":{"allow":["GET"]}}],"collection":[{"href":"https:\/\/aquafuite.com\/index.php?rest_route=\/wp\/v2\/pages"}],"about":[{"href":"https:\/\/aquafuite.com\/index.php?rest_route=\/wp\/v2\/types\/page"}],"author":[{"embeddable":true,"href":"https:\/\/aquafuite.com\/index.php?rest_route=\/wp\/v2\/users\/1"}],"replies":[{"embeddable":true,"href":"https:\/\/aquafuite.com\/index.php?rest_route=%2Fwp%2Fv2%2Fcomments&post=116"}],"version-history":[{"count":5,"href":"https:\/\/aquafuite.com\/index.php?rest_route=\/wp\/v2\/pages\/116\/revisions"}],"predecessor-version":[{"id":248,"href":"https:\/\/aquafuite.com\/index.php?rest_route=\/wp\/v2\/pages\/116\/revisions\/248"}],"wp:attachment":[{"href":"https:\/\/aquafuite.com\/index.php?rest_route=%2Fwp%2Fv2%2Fmedia&parent=116"}],"curies":[{"name":"wp","href":"https:\/\/api.w.org\/{rel}","templated":true}]}}